{"id":244,"date":"2014-09-01T10:14:48","date_gmt":"2014-09-01T08:14:48","guid":{"rendered":"http:\/\/saecimds.com.internetprovider.co.at\/?page_id=244"},"modified":"2024-11-04T13:37:07","modified_gmt":"2024-11-04T12:37:07","slug":"kontakt","status":"publish","type":"page","link":"https:\/\/saecimds.com\/de\/kontakt\/","title":{"rendered":"Kontakt"},"content":{"rendered":"<p><strong>Zentrale Wien<\/strong><br \/>\nS\u00e4kularinstitut &#8222;Madonna della Strada&#8220;<br \/>\nGallmeyergasse 7-9\/22<br \/>\nA-1190 Wien<\/p>\n<p>Telefon: +43\/1 368 93 61<br \/>\nEmail:\u00a0<a style=\"color: #000000\" href=\"mailto:si.madonna.della.strada@aon.at\">si.madonna.della.strada@aon.at<\/a><\/p>\n<p><strong>Generalleiterin seit 2024<\/strong><\/p>\n<p><a href=\"https:\/\/saecimds.com\/wp-content\/uploads\/2024\/11\/Adelaide-Vaz-1.jpg\"><img decoding=\"async\" loading=\"lazy\" class=\"wp-image-1880  alignleft\" style=\"padding-right: 10px;padding-bottom: 10px\" src=\"https:\/\/saecimds.com\/wp-content\/uploads\/2024\/11\/Adelaide-Vaz-1-261x300.jpg\" alt=\"\" width=\"162\" height=\"185\" srcset=\"https:\/\/saecimds.com\/wp-content\/uploads\/2024\/11\/Adelaide-Vaz-1-261x300.jpg 261w, https:\/\/saecimds.com\/wp-content\/uploads\/2024\/11\/Adelaide-Vaz-1-768x883.jpg 768w, https:\/\/saecimds.com\/wp-content\/uploads\/2024\/11\/Adelaide-Vaz-1-214x246.jpg 214w, https:\/\/saecimds.com\/wp-content\/uploads\/2024\/11\/Adelaide-Vaz-1.jpg 827w\" sizes=\"(max-width: 162px) 100vw, 162px\" \/><\/a>Dr. Adelaide Vaz<br \/>\naus Indien<\/p>\n<div style=\"clear: both\"><\/div>\n<p style=\"text-align: left\"><strong>Sekretariat in der Zentrale Wien<\/strong><\/p>\n<p><img decoding=\"async\" loading=\"lazy\" class=\"alignleft wp-image-418 \" style=\"padding-right: 10px;padding-bottom: 10px\" src=\"\/wp-content\/uploads\/2023\/01\/Hofler-2b-200x300.jpg\" alt=\"Csilla Hoefler\" width=\"125\" height=\"182\" \/>Mag. Csilla H\u00f6fler<\/p>\n<p>Buchhaltung, \u00dcbersetzungen, administrative T\u00e4tigkeiten<\/p>\n<div style=\"clear: both\"><\/div>\n","protected":false},"excerpt":{"rendered":"<p>Zentrale Wien S\u00e4kularinstitut &#8222;Madonna della Strada&#8220; Gallmeyergasse 7-9\/22 A-1190 Wien Telefon: +43\/1 368 93 61 Email:\u00a0si.madonna.della.strada@aon.at Generalleiterin seit 2024 Dr. Adelaide Vaz aus Indien Sekretariat in der Zentrale Wien Mag. Csilla H\u00f6fler Buchhaltung, \u00dcbersetzungen, administrative T\u00e4tigkeiten<\/p>\n","protected":false},"author":2,"featured_media":0,"parent":0,"menu_order":0,"comment_status":"closed","ping_status":"closed","template":"page-sidebar-left.php","meta":[],"_links":{"self":[{"href":"https:\/\/saecimds.com\/de\/wp-json\/wp\/v2\/pages\/244"}],"collection":[{"href":"https:\/\/saecimds.com\/de\/wp-json\/wp\/v2\/pages"}],"about":[{"href":"https:\/\/saecimds.com\/de\/wp-json\/wp\/v2\/types\/page"}],"author":[{"embeddable":true,"href":"https:\/\/saecimds.com\/de\/wp-json\/wp\/v2\/users\/2"}],"replies":[{"embeddable":true,"href":"https:\/\/saecimds.com\/de\/wp-json\/wp\/v2\/comments?post=244"}],"version-history":[{"count":28,"href":"https:\/\/saecimds.com\/de\/wp-json\/wp\/v2\/pages\/244\/revisions"}],"predecessor-version":[{"id":1885,"href":"https:\/\/saecimds.com\/de\/wp-json\/wp\/v2\/pages\/244\/revisions\/1885"}],"wp:attachment":[{"href":"https:\/\/saecimds.com\/de\/wp-json\/wp\/v2\/media?parent=244"}],"curies":[{"name":"wp","href":"https:\/\/api.w.org\/{rel}","templated":true}]}}