{"id":257,"date":"2014-09-01T11:56:04","date_gmt":"2014-09-01T09:56:04","guid":{"rendered":"http:\/\/saecimds.com.internetprovider.co.at\/?page_id=257"},"modified":"2014-11-27T18:57:36","modified_gmt":"2014-11-27T17:57:36","slug":"weg-ziel-spiritualitat","status":"publish","type":"page","link":"https:\/\/saecimds.com\/de\/weg-ziel-spiritualitat\/","title":{"rendered":"Weg, Ziel &#038; Spiritualit\u00e4t"},"content":{"rendered":"<p><img decoding=\"async\" loading=\"lazy\" class=\"alignright size-full wp-image-228\" src=\"http:\/\/saecimds.com.internetprovider.co.at\/wp-content\/uploads\/2014\/08\/maria_icon.jpg\" alt=\"maria_icon\" width=\"264\" height=\"300\" srcset=\"https:\/\/saecimds.com\/wp-content\/uploads\/2014\/08\/maria_icon.jpg 264w, https:\/\/saecimds.com\/wp-content\/uploads\/2014\/08\/maria_icon-214x243.jpg 214w\" sizes=\"(max-width: 264px) 100vw, 264px\" \/><\/p>\n<p style=\"text-align: justify;\">Aus einer pers\u00f6nlichen Betroffenheit durch Christus binden sich die Mitglieder in den EVANGELISCHEN R\u00c4TEN an Gott und die Kirche. Erst durch deren Annahme und in deren Auftrag kann diese Lebensform gelebt werden. Hingabe an Gott und Leben in der Welt sollen eine Einheit bilden. Das bedingt erfahrungsgem\u00e4\u00df eine Spannung, die nur im \u201cWachen und Beten\u201d bew\u00e4ltigt werden kann. Die best\u00e4ndige innere Offenheit f\u00fcr den Hl. Geist wird hier in geeigneter Weise f\u00fchren. Ohne diese Voraussetzung \u2013 \u201cGott suchen und finden in allen Dingen\u201d \u2013 ist es uns unm\u00f6glich, das Ziel zu erreichen, n\u00e4mlich \u201cdie Welt von innen her zu heiligen\u201d, wie es in den p\u00e4pstlichen Dokumenten hei\u00dft.<\/p>\n<p style=\"text-align: justify;\"><span style=\"text-decoration: underline;\"><strong>Spiritualit\u00e4t<\/strong><\/span><br \/>\nDie Gemeinschaft lebt nach der Spiritualit\u00e4t des hl. IGNATIUS VON LOYOLA. Ihr sind die Sensibilit\u00e4t f\u00fcr Gottes Aufruf im Alltag und die Verf\u00fcgbarkeit f\u00fcr seinen Willen in besonderer Weise eigen. In der Nachfolge Jesu stehen die Mitglieder unter dem Leitbild MARIAS, der Mutter des Herren..<\/p>\n","protected":false},"excerpt":{"rendered":"<p>Aus einer pers\u00f6nlichen Betroffenheit durch Christus binden sich die Mitglieder in den EVANGELISCHEN R\u00c4TEN an Gott und die Kirche. Erst durch deren Annahme und in deren Auftrag kann diese Lebensform gelebt werden. Hingabe an Gott und Leben in der Welt sollen eine Einheit bilden. Das bedingt erfahrungsgem\u00e4\u00df eine Spannung, die nur im \u201cWachen und Beten\u201d [&hellip;]<\/p>\n","protected":false},"author":2,"featured_media":0,"parent":0,"menu_order":0,"comment_status":"closed","ping_status":"closed","template":"page-sidebar-left.php","meta":[],"_links":{"self":[{"href":"https:\/\/saecimds.com\/de\/wp-json\/wp\/v2\/pages\/257"}],"collection":[{"href":"https:\/\/saecimds.com\/de\/wp-json\/wp\/v2\/pages"}],"about":[{"href":"https:\/\/saecimds.com\/de\/wp-json\/wp\/v2\/types\/page"}],"author":[{"embeddable":true,"href":"https:\/\/saecimds.com\/de\/wp-json\/wp\/v2\/users\/2"}],"replies":[{"embeddable":true,"href":"https:\/\/saecimds.com\/de\/wp-json\/wp\/v2\/comments?post=257"}],"version-history":[{"count":2,"href":"https:\/\/saecimds.com\/de\/wp-json\/wp\/v2\/pages\/257\/revisions"}],"predecessor-version":[{"id":398,"href":"https:\/\/saecimds.com\/de\/wp-json\/wp\/v2\/pages\/257\/revisions\/398"}],"wp:attachment":[{"href":"https:\/\/saecimds.com\/de\/wp-json\/wp\/v2\/media?parent=257"}],"curies":[{"name":"wp","href":"https:\/\/api.w.org\/{rel}","templated":true}]}}