{"id":282,"date":"2014-09-01T13:36:41","date_gmt":"2014-09-01T11:36:41","guid":{"rendered":"http:\/\/saecimds.com.internetprovider.co.at\/?page_id=282"},"modified":"2018-03-05T14:44:21","modified_gmt":"2018-03-05T13:44:21","slug":"lebensform","status":"publish","type":"page","link":"https:\/\/saecimds.com\/de\/lebensform\/","title":{"rendered":"Lebensform"},"content":{"rendered":"<p>Es gibt 2 M\u00f6glichkeiten, sich in das S\u00e4kularinstitut einzubringen:<\/p>\n<p>a) Als Mitglied mit den 3 Gel\u00fcbden (Hingabeversprechen): Keuschheit, Gehorsam und Armut.<\/p>\n<p>b) Als assoziiertes Mitglied, so sich jemand, aus welchem Grund auch immer, nicht so fest binden kann bzw. m\u00f6chte. So k\u00f6nnen z.B. auch verheiratete Frauen an der Spiritualit\u00e4t unseres S\u00e4kularinstitutes teilhaben.<\/p>\n<p>Zu a) <span style=\"text-decoration: underline\">Lebensform der Mitglieder<\/span><\/p>\n<p>Pers\u00f6nliche Beziehung zu Gott im Sinne der Hingabe und Leben in der Welt sollen eine Einheit bilden. Wie im Gleichnis vom Sauerteig wirken sie f\u00fcr Gott in der Welt, in der sie leben. Die Mitglieder f\u00fchren kein gemeinsames Leben und haben auch kein gemeinsames\u00a0 Apostolat.<\/p>\n<p>In pers\u00f6nlicher Verantwortung versuchen sie, die Botschaft des Evangeliums mit seinen Konsequenzen in den verschiedenen Berufen, Bev\u00f6lkerungsschichten, gesellschaftlichen Strukturen und Situationen durch ihr Dasein und ihren Einsatz \u201eInmitten der Welt\u201c zu verk\u00fcnden. Viele sind als Einzelne im Dienst der Kirche (Pfarre) t\u00e4tig. Der eigentliche Auftrag ist das Berufsapostolat.<\/p>\n<p>Zu b) <span style=\"text-decoration: underline\">Lebensform der Assoziierten<\/span><\/p>\n<p>Im Gegensatz zu den Mitglieder, legen die Assoziierten keine Gel\u00fcbde ab, sondern einfache Versprechen, die ihrem Stand entsprechen. Sie nehmen an den gemeinsamen Exerzitien und den sonstigen spirituellen Angeboten teil und f\u00fchlen sich der Gemeinschaft verbunden und auch spirituell mitgetragen.<\/p>\n<p>Seit 2012 gibt es diese zweite Variante der Mitgliedschaft, die in einigen Regionen sehr gut angenommen wird.<\/p>\n","protected":false},"excerpt":{"rendered":"<p>Es gibt 2 M\u00f6glichkeiten, sich in das S\u00e4kularinstitut einzubringen: a) Als Mitglied mit den 3 Gel\u00fcbden (Hingabeversprechen): Keuschheit, Gehorsam und Armut. b) Als assoziiertes Mitglied, so sich jemand, aus welchem Grund auch immer, nicht so fest binden kann bzw. m\u00f6chte. So k\u00f6nnen z.B. auch verheiratete Frauen an der Spiritualit\u00e4t unseres S\u00e4kularinstitutes teilhaben. Zu a) Lebensform [&hellip;]<\/p>\n","protected":false},"author":2,"featured_media":0,"parent":0,"menu_order":0,"comment_status":"closed","ping_status":"closed","template":"page-sidebar-left.php","meta":[],"_links":{"self":[{"href":"https:\/\/saecimds.com\/de\/wp-json\/wp\/v2\/pages\/282"}],"collection":[{"href":"https:\/\/saecimds.com\/de\/wp-json\/wp\/v2\/pages"}],"about":[{"href":"https:\/\/saecimds.com\/de\/wp-json\/wp\/v2\/types\/page"}],"author":[{"embeddable":true,"href":"https:\/\/saecimds.com\/de\/wp-json\/wp\/v2\/users\/2"}],"replies":[{"embeddable":true,"href":"https:\/\/saecimds.com\/de\/wp-json\/wp\/v2\/comments?post=282"}],"version-history":[{"count":5,"href":"https:\/\/saecimds.com\/de\/wp-json\/wp\/v2\/pages\/282\/revisions"}],"predecessor-version":[{"id":1037,"href":"https:\/\/saecimds.com\/de\/wp-json\/wp\/v2\/pages\/282\/revisions\/1037"}],"wp:attachment":[{"href":"https:\/\/saecimds.com\/de\/wp-json\/wp\/v2\/media?parent=282"}],"curies":[{"name":"wp","href":"https:\/\/api.w.org\/{rel}","templated":true}]}}