{"id":288,"date":"2014-09-01T13:40:15","date_gmt":"2014-09-01T11:40:15","guid":{"rendered":"http:\/\/saecimds.com.internetprovider.co.at\/?page_id=288"},"modified":"2018-09-20T15:28:57","modified_gmt":"2018-09-20T13:28:57","slug":"verbreitung","status":"publish","type":"page","link":"https:\/\/saecimds.com\/de\/verbreitung\/","title":{"rendered":"Verbreitung"},"content":{"rendered":"<p>Die Zentrale des S\u00e4kularinstitutes \u201eMadonna della Strada\u201c befindet sich in Wien. Das Institut ist in \u201eRegionen&#8220; gegliedert, f\u00fcr die jeweils eine Leiterin verantwortlich ist. Mitglieder befinden sich abgesehen von \u00d6sterreich in Deutschland, Tschechien, der Slowakei, in Ungarn, Belgien, Italien, Rum\u00e4nien, Irland, in den USA, auf Jamaika, St. Kitts, den Philippinen, in Indien, Taiwan und Korea.<\/p>\n<p>Je nach Gr\u00f6\u00dfe der Region bestehen Zentren f\u00fcr regelm\u00e4\u00dfige Zusammenk\u00fcnfte f\u00fcr Einkehr und Besinnung, f\u00fcr Veranstaltungen wie Tagungen, Arbeitskreise usw., aber auch f\u00fcr eine konkrete Pflege der Gemeinschaft.<\/p>\n","protected":false},"excerpt":{"rendered":"<p>Die Zentrale des S\u00e4kularinstitutes \u201eMadonna della Strada\u201c befindet sich in Wien. Das Institut ist in \u201eRegionen&#8220; gegliedert, f\u00fcr die jeweils eine Leiterin verantwortlich ist. Mitglieder befinden sich abgesehen von \u00d6sterreich in Deutschland, Tschechien, der Slowakei, in Ungarn, Belgien, Italien, Rum\u00e4nien, Irland, in den USA, auf Jamaika, St. Kitts, den Philippinen, in Indien, Taiwan und Korea. [&hellip;]<\/p>\n","protected":false},"author":2,"featured_media":0,"parent":0,"menu_order":0,"comment_status":"closed","ping_status":"closed","template":"page-sidebar-left.php","meta":[],"_links":{"self":[{"href":"https:\/\/saecimds.com\/de\/wp-json\/wp\/v2\/pages\/288"}],"collection":[{"href":"https:\/\/saecimds.com\/de\/wp-json\/wp\/v2\/pages"}],"about":[{"href":"https:\/\/saecimds.com\/de\/wp-json\/wp\/v2\/types\/page"}],"author":[{"embeddable":true,"href":"https:\/\/saecimds.com\/de\/wp-json\/wp\/v2\/users\/2"}],"replies":[{"embeddable":true,"href":"https:\/\/saecimds.com\/de\/wp-json\/wp\/v2\/comments?post=288"}],"version-history":[{"count":3,"href":"https:\/\/saecimds.com\/de\/wp-json\/wp\/v2\/pages\/288\/revisions"}],"predecessor-version":[{"id":1101,"href":"https:\/\/saecimds.com\/de\/wp-json\/wp\/v2\/pages\/288\/revisions\/1101"}],"wp:attachment":[{"href":"https:\/\/saecimds.com\/de\/wp-json\/wp\/v2\/media?parent=288"}],"curies":[{"name":"wp","href":"https:\/\/api.w.org\/{rel}","templated":true}]}}