{"id":296,"date":"2014-09-01T13:57:01","date_gmt":"2014-09-01T11:57:01","guid":{"rendered":"http:\/\/saecimds.com.internetprovider.co.at\/?page_id=296"},"modified":"2015-04-09T10:22:32","modified_gmt":"2015-04-09T08:22:32","slug":"geschichte","status":"publish","type":"page","link":"https:\/\/saecimds.com\/de\/geschichte\/","title":{"rendered":"Geschichte"},"content":{"rendered":"<p><strong>1936<\/strong><br \/>\nP.Carl Dinkhauser SJ und Maria Elisabeth Strachotinsky gr\u00fcnden in Steyr die Gemeinschaft. Maria Elisabeth Strachotinsky ist die erste, die diesen Weg mit anderen beginnt. Gemeinsam mit P. Dinkhauser verfasst sie die Satzungen, welche die ignatianische Spiritualit\u00e4t zur Grundlage haben; sie baut die Gemeinschaft aus und leitet sie durch viele Jahre.<\/p>\n<p><strong>1939<\/strong><br \/>\nDie Gemeinschaft wird von\u00a0 Kardinal Innitzer als \u201ePia Unio&#8220; anerkannt. Die ersten Mitglieder kommen fast alle aus der Marianischen Kongregation. Es sind berufst\u00e4tige, unverheiratete Frauen, die als Zeuginnen des Glaubens in der Welt stehen und dieses Zeugnis besonders an ihrem Arbeitsplatz ablegen wollen.<br \/>\nDiese erste Gruppe besteht w\u00e4hrend des Krieges im Untergrund weiter, da die politische Situation kein \u00f6ffentliches Arbeiten erlaubt.<\/p>\n<p><strong>1948<\/strong><br \/>\nAufgrund eines p\u00e4pstlichen Dekrets wird die Gemeinschaft ein S\u00e4kularinstitut di\u00f6zesanen Rechtes. In diesem Jahr werden von den Mitgliedern zum ersten Mal die drei Gel\u00fcbde \u2013 Ehelosigkeit um des Himmelreiches willen, Gehorsam und Armut abgelegt. Manche k\u00f6nnen sich f\u00fcr diesen nunmehr von der Kirche anerkannten neuen Weg nicht entscheiden.<\/p>\n<p><strong>1953<\/strong><br \/>\nDie Gemeinschaft wird ein Institut p\u00e4pstlichen Rechts. In kurzer Zeit spricht diese Lebensform viele Frauen an, und die Gemeinschaft findet internationale Verbreitung.<\/p>\n","protected":false},"excerpt":{"rendered":"<p>1936 P.Carl Dinkhauser SJ und Maria Elisabeth Strachotinsky gr\u00fcnden in Steyr die Gemeinschaft. Maria Elisabeth Strachotinsky ist die erste, die diesen Weg mit anderen beginnt. Gemeinsam mit P. Dinkhauser verfasst sie die Satzungen, welche die ignatianische Spiritualit\u00e4t zur Grundlage haben; sie baut die Gemeinschaft aus und leitet sie durch viele Jahre. 1939 Die Gemeinschaft wird [&hellip;]<\/p>\n","protected":false},"author":2,"featured_media":0,"parent":0,"menu_order":0,"comment_status":"closed","ping_status":"closed","template":"page-sidebar-left.php","meta":[],"_links":{"self":[{"href":"https:\/\/saecimds.com\/de\/wp-json\/wp\/v2\/pages\/296"}],"collection":[{"href":"https:\/\/saecimds.com\/de\/wp-json\/wp\/v2\/pages"}],"about":[{"href":"https:\/\/saecimds.com\/de\/wp-json\/wp\/v2\/types\/page"}],"author":[{"embeddable":true,"href":"https:\/\/saecimds.com\/de\/wp-json\/wp\/v2\/users\/2"}],"replies":[{"embeddable":true,"href":"https:\/\/saecimds.com\/de\/wp-json\/wp\/v2\/comments?post=296"}],"version-history":[{"count":8,"href":"https:\/\/saecimds.com\/de\/wp-json\/wp\/v2\/pages\/296\/revisions"}],"predecessor-version":[{"id":611,"href":"https:\/\/saecimds.com\/de\/wp-json\/wp\/v2\/pages\/296\/revisions\/611"}],"wp:attachment":[{"href":"https:\/\/saecimds.com\/de\/wp-json\/wp\/v2\/media?parent=296"}],"curies":[{"name":"wp","href":"https:\/\/api.w.org\/{rel}","templated":true}]}}